{"id":1466,"date":"2023-10-23T19:27:59","date_gmt":"2023-10-23T17:27:59","guid":{"rendered":"http:\/\/naturethiquetgourmandise.com\/?page_id=1466"},"modified":"2024-01-11T17:46:31","modified_gmt":"2024-01-11T16:46:31","slug":"galerie-haloween","status":"publish","type":"page","link":"https:\/\/naturethiquetgourmandise.com\/index.php\/galerie\/galerie-haloween\/","title":{"rendered":"galerie Haloween"},"content":{"rendered":"\t\t<div data-elementor-type=\"wp-page\" data-elementor-id=\"1466\" class=\"elementor elementor-1466\">\n\t\t\t\t\t\t\t\t\t<section class=\"elementor-section elementor-top-section elementor-element elementor-element-bf0d2b3 elementor-section-boxed elementor-section-height-default elementor-section-height-default\" data-id=\"bf0d2b3\" data-element_type=\"section\">\n\t\t\t\t\t\t<div class=\"elementor-container elementor-column-gap-default\">\n\t\t\t\t\t<div class=\"elementor-column elementor-col-100 elementor-top-column elementor-element elementor-element-0e2456b\" data-id=\"0e2456b\" data-element_type=\"column\">\n\t\t\t<div class=\"elementor-widget-wrap elementor-element-populated\">\n\t\t\t\t\t\t\t\t<div class=\"elementor-element elementor-element-f3045ac elementor-widget elementor-widget-text-editor\" data-id=\"f3045ac\" data-element_type=\"widget\" data-widget_type=\"text-editor.default\">\n\t\t\t\t<div class=\"elementor-widget-container\">\n\t\t\t<style>\/*! elementor - v3.18.0 - 20-12-2023 *\/\n.elementor-widget-text-editor.elementor-drop-cap-view-stacked .elementor-drop-cap{background-color:#69727d;color:#fff}.elementor-widget-text-editor.elementor-drop-cap-view-framed .elementor-drop-cap{color:#69727d;border:3px solid;background-color:transparent}.elementor-widget-text-editor:not(.elementor-drop-cap-view-default) .elementor-drop-cap{margin-top:8px}.elementor-widget-text-editor:not(.elementor-drop-cap-view-default) .elementor-drop-cap-letter{width:1em;height:1em}.elementor-widget-text-editor .elementor-drop-cap{float:left;text-align:center;line-height:1;font-size:50px}.elementor-widget-text-editor .elementor-drop-cap-letter{display:inline-block}<\/style>\t\t\t\t<p style=\"text-align: center;\">Quelques unes de nos cr\u00e9ations pour Halloween!<\/p>\t\t\t\t\t\t<\/div>\n\t\t\t\t<\/div>\n\t\t\t\t\t<\/div>\n\t\t<\/div>\n\t\t\t\t\t\t\t<\/div>\n\t\t<\/section>\n\t\t\t\t<section class=\"elementor-section elementor-top-section elementor-element elementor-element-a91e61c elementor-section-boxed elementor-section-height-default elementor-section-height-default\" data-id=\"a91e61c\" data-element_type=\"section\">\n\t\t\t\t\t\t<div class=\"elementor-container elementor-column-gap-default\">\n\t\t\t\t\t<div class=\"elementor-column elementor-col-100 elementor-top-column elementor-element elementor-element-ec476b8\" data-id=\"ec476b8\" data-element_type=\"column\">\n\t\t\t<div class=\"elementor-widget-wrap elementor-element-populated\">\n\t\t\t\t\t\t\t\t<div class=\"elementor-element elementor-element-c1e2f15 elementor-widget elementor-widget-image-gallery\" data-id=\"c1e2f15\" data-element_type=\"widget\" data-widget_type=\"image-gallery.default\">\n\t\t\t\t<div class=\"elementor-widget-container\">\n\t\t\t<style>\/*! elementor - v3.18.0 - 20-12-2023 *\/\n.elementor-image-gallery .gallery-item{display:inline-block;text-align:center;vertical-align:top;width:100%;max-width:100%;margin:0 auto}.elementor-image-gallery .gallery-item img{margin:0 auto}.elementor-image-gallery .gallery-item .gallery-caption{margin:0}.elementor-image-gallery figure img{display:block}.elementor-image-gallery figure figcaption{width:100%}.gallery-spacing-custom .elementor-image-gallery .gallery-icon{padding:0}@media (min-width:768px){.elementor-image-gallery .gallery-columns-2 .gallery-item{max-width:50%}.elementor-image-gallery .gallery-columns-3 .gallery-item{max-width:33.33%}.elementor-image-gallery .gallery-columns-4 .gallery-item{max-width:25%}.elementor-image-gallery .gallery-columns-5 .gallery-item{max-width:20%}.elementor-image-gallery .gallery-columns-6 .gallery-item{max-width:16.666%}.elementor-image-gallery .gallery-columns-7 .gallery-item{max-width:14.28%}.elementor-image-gallery .gallery-columns-8 .gallery-item{max-width:12.5%}.elementor-image-gallery .gallery-columns-9 .gallery-item{max-width:11.11%}.elementor-image-gallery .gallery-columns-10 .gallery-item{max-width:10%}}@media (min-width:480px) and (max-width:767px){.elementor-image-gallery .gallery.gallery-columns-2 .gallery-item,.elementor-image-gallery .gallery.gallery-columns-3 .gallery-item,.elementor-image-gallery .gallery.gallery-columns-4 .gallery-item,.elementor-image-gallery .gallery.gallery-columns-5 .gallery-item,.elementor-image-gallery .gallery.gallery-columns-6 .gallery-item,.elementor-image-gallery .gallery.gallery-columns-7 .gallery-item,.elementor-image-gallery .gallery.gallery-columns-8 .gallery-item,.elementor-image-gallery .gallery.gallery-columns-9 .gallery-item,.elementor-image-gallery .gallery.gallery-columns-10 .gallery-item{max-width:50%}}@media (max-width:479px){.elementor-image-gallery .gallery.gallery-columns-2 .gallery-item,.elementor-image-gallery .gallery.gallery-columns-3 .gallery-item,.elementor-image-gallery .gallery.gallery-columns-4 .gallery-item,.elementor-image-gallery .gallery.gallery-columns-5 .gallery-item,.elementor-image-gallery .gallery.gallery-columns-6 .gallery-item,.elementor-image-gallery .gallery.gallery-columns-7 .gallery-item,.elementor-image-gallery .gallery.gallery-columns-8 .gallery-item,.elementor-image-gallery .gallery.gallery-columns-9 .gallery-item,.elementor-image-gallery .gallery.gallery-columns-10 .gallery-item{max-width:100%}}<\/style>\t\t<div class=\"elementor-image-gallery\">\n\t\t\t<div id='gallery-1' class='gallery galleryid-1466 gallery-columns-3 gallery-size-medium'><dl class='gallery-item'>\n\t\t\t<dt class='gallery-icon portrait'>\n\t\t\t\t<a data-elementor-open-lightbox=\"yes\" data-elementor-lightbox-slideshow=\"c1e2f15\" data-elementor-lightbox-title=\"SONY DSC\" data-e-action-hash=\"#elementor-action%3Aaction%3Dlightbox%26settings%3DeyJpZCI6MTQ2OCwidXJsIjoiaHR0cHM6XC9cL25hdHVyZXRoaXF1ZXRnb3VybWFuZGlzZS5jb21cL3dwLWNvbnRlbnRcL3VwbG9hZHNcLzIwMjNcLzEwXC9EU0MwMjcxNS5qcGciLCJzbGlkZXNob3ciOiJjMWUyZjE1In0%3D\" href='https:\/\/naturethiquetgourmandise.com\/wp-content\/uploads\/2023\/10\/DSC02715.jpg'><img fetchpriority=\"high\" decoding=\"async\" width=\"179\" height=\"300\" src=\"https:\/\/naturethiquetgourmandise.com\/wp-content\/uploads\/2023\/10\/DSC02715-179x300.jpg\" class=\"attachment-medium size-medium\" alt=\"\" aria-describedby=\"gallery-1-1468\" srcset=\"https:\/\/naturethiquetgourmandise.com\/wp-content\/uploads\/2023\/10\/DSC02715-179x300.jpg 179w, https:\/\/naturethiquetgourmandise.com\/wp-content\/uploads\/2023\/10\/DSC02715.jpg 476w\" sizes=\"(max-width: 179px) 100vw, 179px\" \/><\/a>\n\t\t\t<\/dt>\n\t\t\t\t<dd class='wp-caption-text gallery-caption' id='gallery-1-1468'>\n\t\t\t\tpotimarron et guacamole\n\t\t\t\t<\/dd><\/dl><dl class='gallery-item'>\n\t\t\t<dt class='gallery-icon landscape'>\n\t\t\t\t<a data-elementor-open-lightbox=\"yes\" data-elementor-lightbox-slideshow=\"c1e2f15\" data-elementor-lightbox-title=\"SONY DSC\" data-e-action-hash=\"#elementor-action%3Aaction%3Dlightbox%26settings%3DeyJpZCI6MTQ2OSwidXJsIjoiaHR0cHM6XC9cL25hdHVyZXRoaXF1ZXRnb3VybWFuZGlzZS5jb21cL3dwLWNvbnRlbnRcL3VwbG9hZHNcLzIwMjNcLzEwXC9EU0MwMjcyNC5qcGciLCJzbGlkZXNob3ciOiJjMWUyZjE1In0%3D\" href='https:\/\/naturethiquetgourmandise.com\/wp-content\/uploads\/2023\/10\/DSC02724.jpg'><img decoding=\"async\" width=\"300\" height=\"259\" src=\"https:\/\/naturethiquetgourmandise.com\/wp-content\/uploads\/2023\/10\/DSC02724-300x259.jpg\" class=\"attachment-medium size-medium\" alt=\"\" aria-describedby=\"gallery-1-1469\" srcset=\"https:\/\/naturethiquetgourmandise.com\/wp-content\/uploads\/2023\/10\/DSC02724-300x259.jpg 300w, https:\/\/naturethiquetgourmandise.com\/wp-content\/uploads\/2023\/10\/DSC02724-768x663.jpg 768w, https:\/\/naturethiquetgourmandise.com\/wp-content\/uploads\/2023\/10\/DSC02724.jpg 800w\" sizes=\"(max-width: 300px) 100vw, 300px\" \/><\/a>\n\t\t\t<\/dt>\n\t\t\t\t<dd class='wp-caption-text gallery-caption' id='gallery-1-1469'>\n\t\t\t\tsangria litchi et cassis \n\t\t\t\t<\/dd><\/dl><dl class='gallery-item'>\n\t\t\t<dt class='gallery-icon landscape'>\n\t\t\t\t<a data-elementor-open-lightbox=\"yes\" data-elementor-lightbox-slideshow=\"c1e2f15\" data-elementor-lightbox-title=\"SONY DSC\" data-e-action-hash=\"#elementor-action%3Aaction%3Dlightbox%26settings%3DeyJpZCI6MTQ3MCwidXJsIjoiaHR0cHM6XC9cL25hdHVyZXRoaXF1ZXRnb3VybWFuZGlzZS5jb21cL3dwLWNvbnRlbnRcL3VwbG9hZHNcLzIwMjNcLzEwXC9EU0MwMjcyOS5qcGciLCJzbGlkZXNob3ciOiJjMWUyZjE1In0%3D\" href='https:\/\/naturethiquetgourmandise.com\/wp-content\/uploads\/2023\/10\/DSC02729.jpg'><img decoding=\"async\" width=\"300\" height=\"199\" src=\"https:\/\/naturethiquetgourmandise.com\/wp-content\/uploads\/2023\/10\/DSC02729-300x199.jpg\" class=\"attachment-medium size-medium\" alt=\"\" aria-describedby=\"gallery-1-1470\" srcset=\"https:\/\/naturethiquetgourmandise.com\/wp-content\/uploads\/2023\/10\/DSC02729-300x199.jpg 300w, https:\/\/naturethiquetgourmandise.com\/wp-content\/uploads\/2023\/10\/DSC02729-768x509.jpg 768w, https:\/\/naturethiquetgourmandise.com\/wp-content\/uploads\/2023\/10\/DSC02729.jpg 800w\" sizes=\"(max-width: 300px) 100vw, 300px\" \/><\/a>\n\t\t\t<\/dt>\n\t\t\t\t<dd class='wp-caption-text gallery-caption' id='gallery-1-1470'>\n\t\t\t\tfeuillet\u00e9s serpents au paprika\n\t\t\t\t<\/dd><\/dl><br style=\"clear: both\" \/><dl class='gallery-item'>\n\t\t\t<dt class='gallery-icon landscape'>\n\t\t\t\t<a data-elementor-open-lightbox=\"yes\" data-elementor-lightbox-slideshow=\"c1e2f15\" data-elementor-lightbox-title=\"SONY DSC\" data-e-action-hash=\"#elementor-action%3Aaction%3Dlightbox%26settings%3DeyJpZCI6MTQ3MSwidXJsIjoiaHR0cHM6XC9cL25hdHVyZXRoaXF1ZXRnb3VybWFuZGlzZS5jb21cL3dwLWNvbnRlbnRcL3VwbG9hZHNcLzIwMjNcLzEwXC9EU0MwMjczMi5qcGciLCJzbGlkZXNob3ciOiJjMWUyZjE1In0%3D\" href='https:\/\/naturethiquetgourmandise.com\/wp-content\/uploads\/2023\/10\/DSC02732.jpg'><img loading=\"lazy\" decoding=\"async\" width=\"300\" height=\"218\" src=\"https:\/\/naturethiquetgourmandise.com\/wp-content\/uploads\/2023\/10\/DSC02732-300x218.jpg\" class=\"attachment-medium size-medium\" alt=\"\" aria-describedby=\"gallery-1-1471\" srcset=\"https:\/\/naturethiquetgourmandise.com\/wp-content\/uploads\/2023\/10\/DSC02732-300x218.jpg 300w, https:\/\/naturethiquetgourmandise.com\/wp-content\/uploads\/2023\/10\/DSC02732-768x558.jpg 768w, https:\/\/naturethiquetgourmandise.com\/wp-content\/uploads\/2023\/10\/DSC02732.jpg 800w\" sizes=\"(max-width: 300px) 100vw, 300px\" \/><\/a>\n\t\t\t<\/dt>\n\t\t\t\t<dd class='wp-caption-text gallery-caption' id='gallery-1-1471'>\n\t\t\t\tcrackers s\u00e9same\n\t\t\t\t<\/dd><\/dl><dl class='gallery-item'>\n\t\t\t<dt class='gallery-icon portrait'>\n\t\t\t\t<a data-elementor-open-lightbox=\"yes\" data-elementor-lightbox-slideshow=\"c1e2f15\" data-elementor-lightbox-title=\"SONY DSC\" data-e-action-hash=\"#elementor-action%3Aaction%3Dlightbox%26settings%3DeyJpZCI6MTQ3MiwidXJsIjoiaHR0cHM6XC9cL25hdHVyZXRoaXF1ZXRnb3VybWFuZGlzZS5jb21cL3dwLWNvbnRlbnRcL3VwbG9hZHNcLzIwMjNcLzEwXC9EU0MwMjc2MC5qcGciLCJzbGlkZXNob3ciOiJjMWUyZjE1In0%3D\" href='https:\/\/naturethiquetgourmandise.com\/wp-content\/uploads\/2023\/10\/DSC02760.jpg'><img loading=\"lazy\" decoding=\"async\" width=\"206\" height=\"300\" src=\"https:\/\/naturethiquetgourmandise.com\/wp-content\/uploads\/2023\/10\/DSC02760-206x300.jpg\" class=\"attachment-medium size-medium\" alt=\"\" aria-describedby=\"gallery-1-1472\" srcset=\"https:\/\/naturethiquetgourmandise.com\/wp-content\/uploads\/2023\/10\/DSC02760-206x300.jpg 206w, https:\/\/naturethiquetgourmandise.com\/wp-content\/uploads\/2023\/10\/DSC02760.jpg 549w\" sizes=\"(max-width: 206px) 100vw, 206px\" \/><\/a>\n\t\t\t<\/dt>\n\t\t\t\t<dd class='wp-caption-text gallery-caption' id='gallery-1-1472'>\n\t\t\t\tsoupe potimarron gressin os\n\t\t\t\t<\/dd><\/dl><dl class='gallery-item'>\n\t\t\t<dt class='gallery-icon landscape'>\n\t\t\t\t<a data-elementor-open-lightbox=\"yes\" data-elementor-lightbox-slideshow=\"c1e2f15\" data-elementor-lightbox-title=\"SONY DSC\" data-e-action-hash=\"#elementor-action%3Aaction%3Dlightbox%26settings%3DeyJpZCI6MTQ3MywidXJsIjoiaHR0cHM6XC9cL25hdHVyZXRoaXF1ZXRnb3VybWFuZGlzZS5jb21cL3dwLWNvbnRlbnRcL3VwbG9hZHNcLzIwMjNcLzEwXC9EU0MwMjc2My1lMTY5ODA3OTQyNDE3MS5qcGciLCJzbGlkZXNob3ciOiJjMWUyZjE1In0%3D\" href='https:\/\/naturethiquetgourmandise.com\/wp-content\/uploads\/2023\/10\/DSC02763-e1698079424171.jpg'><img loading=\"lazy\" decoding=\"async\" width=\"300\" height=\"200\" src=\"https:\/\/naturethiquetgourmandise.com\/wp-content\/uploads\/2023\/10\/DSC02763-e1698079424171-300x200.jpg\" class=\"attachment-medium size-medium\" alt=\"\" aria-describedby=\"gallery-1-1473\" srcset=\"https:\/\/naturethiquetgourmandise.com\/wp-content\/uploads\/2023\/10\/DSC02763-e1698079424171-300x200.jpg 300w, https:\/\/naturethiquetgourmandise.com\/wp-content\/uploads\/2023\/10\/DSC02763-e1698079424171-768x511.jpg 768w, https:\/\/naturethiquetgourmandise.com\/wp-content\/uploads\/2023\/10\/DSC02763-e1698079424171.jpg 800w\" sizes=\"(max-width: 300px) 100vw, 300px\" \/><\/a>\n\t\t\t<\/dt>\n\t\t\t\t<dd class='wp-caption-text gallery-caption' id='gallery-1-1473'>\n\t\t\t\tfant\u00f4mes pain de mie tapenade\n\t\t\t\t<\/dd><\/dl><br style=\"clear: both\" \/><dl class='gallery-item'>\n\t\t\t<dt class='gallery-icon landscape'>\n\t\t\t\t<a data-elementor-open-lightbox=\"yes\" data-elementor-lightbox-slideshow=\"c1e2f15\" data-elementor-lightbox-title=\"SONY DSC\" data-e-action-hash=\"#elementor-action%3Aaction%3Dlightbox%26settings%3DeyJpZCI6MTQ3NCwidXJsIjoiaHR0cHM6XC9cL25hdHVyZXRoaXF1ZXRnb3VybWFuZGlzZS5jb21cL3dwLWNvbnRlbnRcL3VwbG9hZHNcLzIwMjNcLzEwXC9EU0MwMjc2Ny5qcGciLCJzbGlkZXNob3ciOiJjMWUyZjE1In0%3D\" href='https:\/\/naturethiquetgourmandise.com\/wp-content\/uploads\/2023\/10\/DSC02767.jpg'><img loading=\"lazy\" decoding=\"async\" width=\"300\" height=\"207\" src=\"https:\/\/naturethiquetgourmandise.com\/wp-content\/uploads\/2023\/10\/DSC02767-300x207.jpg\" class=\"attachment-medium size-medium\" alt=\"\" aria-describedby=\"gallery-1-1474\" srcset=\"https:\/\/naturethiquetgourmandise.com\/wp-content\/uploads\/2023\/10\/DSC02767-300x207.jpg 300w, https:\/\/naturethiquetgourmandise.com\/wp-content\/uploads\/2023\/10\/DSC02767-768x530.jpg 768w, https:\/\/naturethiquetgourmandise.com\/wp-content\/uploads\/2023\/10\/DSC02767.jpg 800w\" sizes=\"(max-width: 300px) 100vw, 300px\" \/><\/a>\n\t\t\t<\/dt>\n\t\t\t\t<dd class='wp-caption-text gallery-caption' id='gallery-1-1474'>\n\t\t\t\tg\u00e2teau \u00e0 la citrouille\n\t\t\t\t<\/dd><\/dl><dl class='gallery-item'>\n\t\t\t<dt class='gallery-icon landscape'>\n\t\t\t\t<a data-elementor-open-lightbox=\"yes\" data-elementor-lightbox-slideshow=\"c1e2f15\" data-elementor-lightbox-title=\"P1020055\" data-e-action-hash=\"#elementor-action%3Aaction%3Dlightbox%26settings%3DeyJpZCI6MTQ3NSwidXJsIjoiaHR0cHM6XC9cL25hdHVyZXRoaXF1ZXRnb3VybWFuZGlzZS5jb21cL3dwLWNvbnRlbnRcL3VwbG9hZHNcLzIwMjNcLzEwXC9QMTAyMDA1NS1zY2FsZWQuanBnIiwic2xpZGVzaG93IjoiYzFlMmYxNSJ9\" href='https:\/\/naturethiquetgourmandise.com\/wp-content\/uploads\/2023\/10\/P1020055-scaled.jpg'><img loading=\"lazy\" decoding=\"async\" width=\"300\" height=\"225\" src=\"https:\/\/naturethiquetgourmandise.com\/wp-content\/uploads\/2023\/10\/P1020055-300x225.jpg\" class=\"attachment-medium size-medium\" alt=\"\" aria-describedby=\"gallery-1-1475\" srcset=\"https:\/\/naturethiquetgourmandise.com\/wp-content\/uploads\/2023\/10\/P1020055-300x225.jpg 300w, https:\/\/naturethiquetgourmandise.com\/wp-content\/uploads\/2023\/10\/P1020055-1024x768.jpg 1024w, https:\/\/naturethiquetgourmandise.com\/wp-content\/uploads\/2023\/10\/P1020055-768x576.jpg 768w, https:\/\/naturethiquetgourmandise.com\/wp-content\/uploads\/2023\/10\/P1020055-1536x1152.jpg 1536w, https:\/\/naturethiquetgourmandise.com\/wp-content\/uploads\/2023\/10\/P1020055-2048x1536.jpg 2048w\" sizes=\"(max-width: 300px) 100vw, 300px\" \/><\/a>\n\t\t\t<\/dt>\n\t\t\t\t<dd class='wp-caption-text gallery-caption' id='gallery-1-1475'>\n\t\t\t\tmonstre g\u00e2teau au chocolat \n\t\t\t\t<\/dd><\/dl><dl class='gallery-item'>\n\t\t\t<dt class='gallery-icon portrait'>\n\t\t\t\t<a data-elementor-open-lightbox=\"yes\" data-elementor-lightbox-slideshow=\"c1e2f15\" data-elementor-lightbox-title=\"20171031_200649\" data-e-action-hash=\"#elementor-action%3Aaction%3Dlightbox%26settings%3DeyJpZCI6MTQ3NiwidXJsIjoiaHR0cHM6XC9cL25hdHVyZXRoaXF1ZXRnb3VybWFuZGlzZS5jb21cL3dwLWNvbnRlbnRcL3VwbG9hZHNcLzIwMjNcLzEwXC8yMDE3MTAzMV8yMDA2NDktc2NhbGVkLWUxNjk4MDc5NDcwMjQ5LmpwZyIsInNsaWRlc2hvdyI6ImMxZTJmMTUifQ%3D%3D\" href='https:\/\/naturethiquetgourmandise.com\/wp-content\/uploads\/2023\/10\/20171031_200649-scaled-e1698079470249.jpg'><img loading=\"lazy\" decoding=\"async\" width=\"160\" height=\"300\" src=\"https:\/\/naturethiquetgourmandise.com\/wp-content\/uploads\/2023\/10\/20171031_200649-scaled-e1698079470249-160x300.jpg\" class=\"attachment-medium size-medium\" alt=\"\" aria-describedby=\"gallery-1-1476\" srcset=\"https:\/\/naturethiquetgourmandise.com\/wp-content\/uploads\/2023\/10\/20171031_200649-scaled-e1698079470249-160x300.jpg 160w, https:\/\/naturethiquetgourmandise.com\/wp-content\/uploads\/2023\/10\/20171031_200649-scaled-e1698079470249-548x1024.jpg 548w, https:\/\/naturethiquetgourmandise.com\/wp-content\/uploads\/2023\/10\/20171031_200649-scaled-e1698079470249-768x1436.jpg 768w, https:\/\/naturethiquetgourmandise.com\/wp-content\/uploads\/2023\/10\/20171031_200649-scaled-e1698079470249-822x1536.jpg 822w, https:\/\/naturethiquetgourmandise.com\/wp-content\/uploads\/2023\/10\/20171031_200649-scaled-e1698079470249-1096x2048.jpg 1096w, https:\/\/naturethiquetgourmandise.com\/wp-content\/uploads\/2023\/10\/20171031_200649-scaled-e1698079470249.jpg 1164w\" sizes=\"(max-width: 160px) 100vw, 160px\" \/><\/a>\n\t\t\t<\/dt>\n\t\t\t\t<dd class='wp-caption-text gallery-caption' id='gallery-1-1476'>\n\t\t\t\tbalais comt\u00e9, ciboulette et sticks\n\t\t\t\t<\/dd><\/dl><br style=\"clear: both\" \/><dl class='gallery-item'>\n\t\t\t<dt class='gallery-icon landscape'>\n\t\t\t\t<a data-elementor-open-lightbox=\"yes\" data-elementor-lightbox-slideshow=\"c1e2f15\" data-elementor-lightbox-title=\"20171031_225423\" data-e-action-hash=\"#elementor-action%3Aaction%3Dlightbox%26settings%3DeyJpZCI6MTQ3NywidXJsIjoiaHR0cHM6XC9cL25hdHVyZXRoaXF1ZXRnb3VybWFuZGlzZS5jb21cL3dwLWNvbnRlbnRcL3VwbG9hZHNcLzIwMjNcLzEwXC8yMDE3MTAzMV8yMjU0MjMtc2NhbGVkLmpwZyIsInNsaWRlc2hvdyI6ImMxZTJmMTUifQ%3D%3D\" href='https:\/\/naturethiquetgourmandise.com\/wp-content\/uploads\/2023\/10\/20171031_225423-scaled.jpg'><img loading=\"lazy\" decoding=\"async\" width=\"300\" height=\"225\" src=\"https:\/\/naturethiquetgourmandise.com\/wp-content\/uploads\/2023\/10\/20171031_225423-300x225.jpg\" class=\"attachment-medium size-medium\" alt=\"\" aria-describedby=\"gallery-1-1477\" srcset=\"https:\/\/naturethiquetgourmandise.com\/wp-content\/uploads\/2023\/10\/20171031_225423-300x225.jpg 300w, https:\/\/naturethiquetgourmandise.com\/wp-content\/uploads\/2023\/10\/20171031_225423-1024x768.jpg 1024w, https:\/\/naturethiquetgourmandise.com\/wp-content\/uploads\/2023\/10\/20171031_225423-768x576.jpg 768w, https:\/\/naturethiquetgourmandise.com\/wp-content\/uploads\/2023\/10\/20171031_225423-1536x1152.jpg 1536w, https:\/\/naturethiquetgourmandise.com\/wp-content\/uploads\/2023\/10\/20171031_225423-2048x1536.jpg 2048w\" sizes=\"(max-width: 300px) 100vw, 300px\" \/><\/a>\n\t\t\t<\/dt>\n\t\t\t\t<dd class='wp-caption-text gallery-caption' id='gallery-1-1477'>\n\t\t\t\ttarte aux pommes\n\t\t\t\t<\/dd><\/dl><dl class='gallery-item'>\n\t\t\t<dt class='gallery-icon landscape'>\n\t\t\t\t<a data-elementor-open-lightbox=\"yes\" data-elementor-lightbox-slideshow=\"c1e2f15\" data-elementor-lightbox-title=\"20171031_200656\" data-e-action-hash=\"#elementor-action%3Aaction%3Dlightbox%26settings%3DeyJpZCI6MTQ3OCwidXJsIjoiaHR0cHM6XC9cL25hdHVyZXRoaXF1ZXRnb3VybWFuZGlzZS5jb21cL3dwLWNvbnRlbnRcL3VwbG9hZHNcLzIwMjNcLzEwXC8yMDE3MTAzMV8yMDA2NTYtc2NhbGVkLWUxNjk4MDc5NTQ0NzMxLmpwZyIsInNsaWRlc2hvdyI6ImMxZTJmMTUifQ%3D%3D\" href='https:\/\/naturethiquetgourmandise.com\/wp-content\/uploads\/2023\/10\/20171031_200656-scaled-e1698079544731.jpg'><img loading=\"lazy\" decoding=\"async\" width=\"300\" height=\"213\" src=\"https:\/\/naturethiquetgourmandise.com\/wp-content\/uploads\/2023\/10\/20171031_200656-scaled-e1698079544731-300x213.jpg\" class=\"attachment-medium size-medium\" alt=\"\" aria-describedby=\"gallery-1-1478\" srcset=\"https:\/\/naturethiquetgourmandise.com\/wp-content\/uploads\/2023\/10\/20171031_200656-scaled-e1698079544731-300x213.jpg 300w, https:\/\/naturethiquetgourmandise.com\/wp-content\/uploads\/2023\/10\/20171031_200656-scaled-e1698079544731-1024x726.jpg 1024w, https:\/\/naturethiquetgourmandise.com\/wp-content\/uploads\/2023\/10\/20171031_200656-scaled-e1698079544731-768x544.jpg 768w, https:\/\/naturethiquetgourmandise.com\/wp-content\/uploads\/2023\/10\/20171031_200656-scaled-e1698079544731-1536x1088.jpg 1536w, https:\/\/naturethiquetgourmandise.com\/wp-content\/uploads\/2023\/10\/20171031_200656-scaled-e1698079544731.jpg 1932w\" sizes=\"(max-width: 300px) 100vw, 300px\" \/><\/a>\n\t\t\t<\/dt>\n\t\t\t\t<dd class='wp-caption-text gallery-caption' id='gallery-1-1478'>\n\t\t\t\tdoigts de sorci\u00e8res\n\t\t\t\t<\/dd><\/dl><dl class='gallery-item'>\n\t\t\t<dt class='gallery-icon landscape'>\n\t\t\t\t<a data-elementor-open-lightbox=\"yes\" data-elementor-lightbox-slideshow=\"c1e2f15\" data-elementor-lightbox-title=\"20231023_183230\" data-e-action-hash=\"#elementor-action%3Aaction%3Dlightbox%26settings%3DeyJpZCI6MTQ1MCwidXJsIjoiaHR0cHM6XC9cL25hdHVyZXRoaXF1ZXRnb3VybWFuZGlzZS5jb21cL3dwLWNvbnRlbnRcL3VwbG9hZHNcLzIwMjNcLzEwXC8yMDIzMTAyM18xODMyMzAtc2NhbGVkLmpwZyIsInNsaWRlc2hvdyI6ImMxZTJmMTUifQ%3D%3D\" href='https:\/\/naturethiquetgourmandise.com\/wp-content\/uploads\/2023\/10\/20231023_183230-scaled.jpg'><img loading=\"lazy\" decoding=\"async\" width=\"300\" height=\"204\" src=\"https:\/\/naturethiquetgourmandise.com\/wp-content\/uploads\/2023\/10\/20231023_183230-300x204.jpg\" class=\"attachment-medium size-medium\" alt=\"\" aria-describedby=\"gallery-1-1450\" srcset=\"https:\/\/naturethiquetgourmandise.com\/wp-content\/uploads\/2023\/10\/20231023_183230-300x204.jpg 300w, https:\/\/naturethiquetgourmandise.com\/wp-content\/uploads\/2023\/10\/20231023_183230-1024x695.jpg 1024w, https:\/\/naturethiquetgourmandise.com\/wp-content\/uploads\/2023\/10\/20231023_183230-768x521.jpg 768w, https:\/\/naturethiquetgourmandise.com\/wp-content\/uploads\/2023\/10\/20231023_183230-1536x1043.jpg 1536w, https:\/\/naturethiquetgourmandise.com\/wp-content\/uploads\/2023\/10\/20231023_183230-2048x1390.jpg 2048w\" sizes=\"(max-width: 300px) 100vw, 300px\" \/><\/a>\n\t\t\t<\/dt>\n\t\t\t\t<dd class='wp-caption-text gallery-caption' id='gallery-1-1450'>\n\t\t\t\tpumkin pie\n\t\t\t\t<\/dd><\/dl><br style=\"clear: both\" \/><dl class='gallery-item'>\n\t\t\t<dt class='gallery-icon portrait'>\n\t\t\t\t<a data-elementor-open-lightbox=\"yes\" data-elementor-lightbox-slideshow=\"c1e2f15\" data-elementor-lightbox-title=\"20231023_192437\" data-e-action-hash=\"#elementor-action%3Aaction%3Dlightbox%26settings%3DeyJpZCI6MTUyNiwidXJsIjoiaHR0cHM6XC9cL25hdHVyZXRoaXF1ZXRnb3VybWFuZGlzZS5jb21cL3dwLWNvbnRlbnRcL3VwbG9hZHNcLzIwMjNcLzEwXC8yMDIzMTAyM18xOTI0MzcuanBnIiwic2xpZGVzaG93IjoiYzFlMmYxNSJ9\" href='https:\/\/naturethiquetgourmandise.com\/wp-content\/uploads\/2023\/10\/20231023_192437.jpg'><img loading=\"lazy\" decoding=\"async\" width=\"283\" height=\"300\" src=\"https:\/\/naturethiquetgourmandise.com\/wp-content\/uploads\/2023\/10\/20231023_192437-283x300.jpg\" class=\"attachment-medium size-medium\" alt=\"\" aria-describedby=\"gallery-1-1526\" srcset=\"https:\/\/naturethiquetgourmandise.com\/wp-content\/uploads\/2023\/10\/20231023_192437-283x300.jpg 283w, https:\/\/naturethiquetgourmandise.com\/wp-content\/uploads\/2023\/10\/20231023_192437-768x814.jpg 768w, https:\/\/naturethiquetgourmandise.com\/wp-content\/uploads\/2023\/10\/20231023_192437.jpg 808w\" sizes=\"(max-width: 283px) 100vw, 283px\" \/><\/a>\n\t\t\t<\/dt>\n\t\t\t\t<dd class='wp-caption-text gallery-caption' id='gallery-1-1526'>\n\t\t\t\tcimeti\u00e8re g\u00e2teau au chocolat\n\t\t\t\t<\/dd><\/dl>\n\t\t\t<br style='clear: both' \/>\n\t\t<\/div>\n\t\t<\/div>\n\t\t\t\t<\/div>\n\t\t\t\t<\/div>\n\t\t\t\t\t<\/div>\n\t\t<\/div>\n\t\t\t\t\t\t\t<\/div>\n\t\t<\/section>\n\t\t\t\t\t\t\t<\/div>\n\t\t","protected":false},"excerpt":{"rendered":"<p>Quelques unes de nos cr\u00e9ations pour Halloween! potimarron et guacamole sangria litchi et cassis feuillet\u00e9s serpents au paprika crackers s\u00e9same soupe potimarron gressin os fant\u00f4mes pain de mie tapenade g\u00e2teau \u00e0 la citrouille monstre g\u00e2teau au chocolat balais comt\u00e9, ciboulette et sticks tarte aux pommes doigts de sorci\u00e8res pumkin pie cimeti\u00e8re g\u00e2teau au chocolat<\/p>\n","protected":false},"author":1,"featured_media":1450,"parent":962,"menu_order":0,"comment_status":"closed","ping_status":"closed","template":"elementor_theme","meta":{"neve_meta_sidebar":"","neve_meta_container":"","neve_meta_enable_content_width":"","neve_meta_content_width":0,"neve_meta_title_alignment":"","neve_meta_author_avatar":"","neve_post_elements_order":"","neve_meta_disable_header":"","neve_meta_disable_footer":"","neve_meta_disable_title":"","footnotes":""},"_links":{"self":[{"href":"https:\/\/naturethiquetgourmandise.com\/index.php\/wp-json\/wp\/v2\/pages\/1466"}],"collection":[{"href":"https:\/\/naturethiquetgourmandise.com\/index.php\/wp-json\/wp\/v2\/pages"}],"about":[{"href":"https:\/\/naturethiquetgourmandise.com\/index.php\/wp-json\/wp\/v2\/types\/page"}],"author":[{"embeddable":true,"href":"https:\/\/naturethiquetgourmandise.com\/index.php\/wp-json\/wp\/v2\/users\/1"}],"replies":[{"embeddable":true,"href":"https:\/\/naturethiquetgourmandise.com\/index.php\/wp-json\/wp\/v2\/comments?post=1466"}],"version-history":[{"count":28,"href":"https:\/\/naturethiquetgourmandise.com\/index.php\/wp-json\/wp\/v2\/pages\/1466\/revisions"}],"predecessor-version":[{"id":1560,"href":"https:\/\/naturethiquetgourmandise.com\/index.php\/wp-json\/wp\/v2\/pages\/1466\/revisions\/1560"}],"up":[{"embeddable":true,"href":"https:\/\/naturethiquetgourmandise.com\/index.php\/wp-json\/wp\/v2\/pages\/962"}],"wp:featuredmedia":[{"embeddable":true,"href":"https:\/\/naturethiquetgourmandise.com\/index.php\/wp-json\/wp\/v2\/media\/1450"}],"wp:attachment":[{"href":"https:\/\/naturethiquetgourmandise.com\/index.php\/wp-json\/wp\/v2\/media?parent=1466"}],"curies":[{"name":"wp","href":"https:\/\/api.w.org\/{rel}","templated":true}]}}